{"id":84,"date":"2018-12-18T15:06:12","date_gmt":"2018-12-18T14:06:12","guid":{"rendered":"http:\/\/new.der-thai.com\/kaiserstrasse\/?page_id=84"},"modified":"2019-02-25T15:53:20","modified_gmt":"2019-02-25T14:53:20","slug":"spezialitaeten","status":"publish","type":"page","link":"https:\/\/der-thai.com\/kaiserstrasse\/spezialitaeten\/","title":{"rendered":"Spezialit\u00e4ten"},"content":{"rendered":"<div class=\"wpb-content-wrapper\"><p>[vc_row type=&#8220;vc_default&#8220; full_width=&#8220;stretch_row_content_no_spaces&#8220; bg_type=&#8220;image&#8220; parallax_style=&#8220;vcpb-default&#8220; bg_image_new=&#8220;id^211|url^http:\/\/new.der-thai.com\/kaiserstrasse\/wp-content\/uploads\/sites\/2\/2018\/12\/der-thai-ente.jpg|caption^null|alt^null|title^der-thai-ente|description^null&#8220; bg_image_repeat=&#8220;no-repeat&#8220; bg_override=&#8220;full&#8220; el_class=&#8220;header&#8220;][vc_column][\/vc_column][\/vc_row][vc_row type=&#8220;vc_default&#8220;][vc_column width=&#8220;1\/4&#8243;][\/vc_column][vc_column width=&#8220;1\/2&#8243; css=&#8220;.vc_custom_1545219135576{padding-top: 15px !important;padding-right: 15px !important;padding-bottom: 15px !important;padding-left: 15px !important;background-color: #ffe4d5 !important;}&#8220; el_class=&#8220;filiale-box&#8220;][vc_column_text css=&#8220;.vc_custom_1551106398443{margin-top: 0px !important;margin-right: 0px !important;margin-bottom: 0px !important;margin-left: 0px !important;}&#8220;]<\/p>\n<h6 style=\"text-align: center;\"><span style=\"color: #282828;\">Filiale: Kaiserstra\u00dfe 38 | Tel: 069 &#8211; 26 957 957<\/span><\/h6>\n<p>[\/vc_column_text][\/vc_column][vc_column width=&#8220;1\/4&#8243;][\/vc_column][\/vc_row][vc_row][vc_column][vc_empty_space height=&#8220;100px&#8220; el_class=&#8220;leer&#8220;][\/vc_column][\/vc_row][vc_row type=&#8220;vc_default&#8220;][vc_column][vc_column_text]<\/p>\n<h1 style=\"text-align: center;\">Spezialit\u00e4ten<\/h1>\n<p>[\/vc_column_text][vc_column_text]\r\n<div class=\"rmc-holder\">\r\n    <h2>Spezialit\u00e4ten<\/h2>\r\n    <div class=\"rmc-des-holder\">\r\n            <\/div>\r\n    <div class=\"rmc-col-holder\">\r\n                <div class=\" rmc-mask \">\r\n                                                        <div class=\"rmc-item\">\r\n                                                <div class=\"rmc-description\">\r\n                            <div class=\"rmc-price-holder\">\r\n                                <h3 class=\"rmc-product-name\">Guey Tiauw Nua<\/h3>\r\n                                                                    <span class=\"rmc-price\">\r\n                                    15,90 \u20ac                                <\/span>\r\n                                                            <\/div>\r\n                            <p id=\"u394-5\" class=\"Inhalt-dunkel\">Reisnudelsuppe mit Rindfleisch und Gem\u00fcse<\/p>\n<p id=\"u394-7\"><span style=\"color: #bc886b;\">Rice noodle soup with beef and vegetables<\/span><\/p>\n                        <\/div>\r\n                    <\/div>\r\n                                                        <div class=\"rmc-item\">\r\n                                                <div class=\"rmc-description\">\r\n                            <div class=\"rmc-price-holder\">\r\n                                <h3 class=\"rmc-product-name\">Nua Phad Gra Pau Spezial<\/h3>\r\n                                                                    <span class=\"rmc-price\">\r\n                                    16,70 \u20ac                                <\/span>\r\n                                                            <\/div>\r\n                            <p>Gehacktes Rindfleisch mit Bohnen, Paprika, Zwiebeln, Bambussprossen, Thai-Basilikum, Spiegelei, serviert mit Reis<\/p>\n<p><span style=\"color: #bc886b;\">Minced beef, beans, peppers, onions, bamboo sprouts, Thai basil, fried egg, served with rice <\/span><\/p>\n                        <\/div>\r\n                    <\/div>\r\n                                                        <div class=\"rmc-item\">\r\n                                                <div class=\"rmc-description\">\r\n                            <div class=\"rmc-price-holder\">\r\n                                <h3 class=\"rmc-product-name\">Sen Yai Gaeng Kheuw Whan Jee (vegan)<\/h3>\r\n                                                                    <span class=\"rmc-price\">\r\n                                    15,70 \u20ac                                <\/span>\r\n                                                            <\/div>\r\n                            <p id=\"u394-5\" class=\"Inhalt-dunkel\">Gekochte Bandnudeln mit gr\u00fcnem \u201eThai Curry\u201c, Bambussprossen, Auberginen, Paprika und Thai-Basilikum in Kokosmilch<\/p>\n<p id=\"u394-7\"><span style=\"color: #bc886b;\">Boiled Rice noodle with green Thai curry, bamboo shoots, aubergines, peppers and Thai basil in coconut milk<\/span><\/p>\n                        <\/div>\r\n                    <\/div>\r\n                                                        <div class=\"rmc-item\">\r\n                                                <div class=\"rmc-description\">\r\n                            <div class=\"rmc-price-holder\">\r\n                                <h3 class=\"rmc-product-name\">Gai Phad Gra Pau Spezial<\/h3>\r\n                                                                    <span class=\"rmc-price\">\r\n                                    15,70 \u20ac                                <\/span>\r\n                                                            <\/div>\r\n                            <p>Gehacktes H\u00fchnerfleisch, Bohnen, Paprika, Zwiebeln, Bambussprossen, Thai-Basilikum, Spiegelei, serviert mit Reis<\/p>\n<p><span style=\"color: #bc886b;\">Minced chicken, beans, peppers, onions, bamboo sprouts, Thai basil, fried egg, served with rice <\/span><\/p>\n                        <\/div>\r\n                    <\/div>\r\n                                                        <div class=\"rmc-item\">\r\n                                                <div class=\"rmc-description\">\r\n                            <div class=\"rmc-price-holder\">\r\n                                <h3 class=\"rmc-product-name\">Som Tam Thai<\/h3>\r\n                                                                    <span class=\"rmc-price\">\r\n                                    15,50 \u20ac                                <\/span>\r\n                                                            <\/div>\r\n                            <p id=\"u394-15\" class=\"Inhalt-dunkel\">Papayasalat, Shrimps, frische gr\u00fcne Papayastreifen, Karotten, Tomaten, Chili, Knoblauch und Zitronensaft<\/p>\n<p id=\"u394-17\"><span style=\"color: #bc886b;\">Papaya salad, shrimp, fresh green papaya strips, carrots, tomatoes, chili, garlic and lemon juice<\/span><\/p>\n                        <\/div>\r\n                    <\/div>\r\n                                                        <div class=\"rmc-item\">\r\n                                                <div class=\"rmc-description\">\r\n                            <div class=\"rmc-price-holder\">\r\n                                <h3 class=\"rmc-product-name\">Nua Phad Med Mamuang<\/h3>\r\n                                                                    <span class=\"rmc-price\">\r\n                                    16,90 \u20ac                                <\/span>\r\n                                                            <\/div>\r\n                            <p>Rindfleisch in Tamarinden-Chili-So\u00dfe mit Cashewn\u00fcssen und knusprigem Thai-Basilikum, ohne Gem\u00fcse, serviert mit Reis<\/p>\n<p><span style=\"color: #bc886b;\">Beef in tamarind chili sauce with cashew nuts and crispy Thai-Basil, without vegetables, served with rice <\/span><\/p>\n                        <\/div>\r\n                    <\/div>\r\n                                                        <div class=\"rmc-item\">\r\n                                                <div class=\"rmc-description\">\r\n                            <div class=\"rmc-price-holder\">\r\n                                <h3 class=\"rmc-product-name\">Phad Thai Spezial<\/h3>\r\n                                                                    <span class=\"rmc-price\">\r\n                                    15,90 \u20ac                                <\/span>\r\n                                                            <\/div>\r\n                            <p>Gebratene Reisnudeln mit H\u00fchnerfleisch, Shrimps, Tofu, Ei, Gem\u00fcse und gemahlenen Erdn\u00fcssen in Tamarindenso\u00dfe<\/p>\n<p><span style=\"color: #bc886b;\">Fried rice noodles with chicken, shrimps, tofu, egg, vegetables and ground peanuts in tamarind sauce <\/span><\/p>\n                        <\/div>\r\n                    <\/div>\r\n                                                        <div class=\"rmc-item\">\r\n                                                <div class=\"rmc-description\">\r\n                            <div class=\"rmc-price-holder\">\r\n                                <h3 class=\"rmc-product-name\">Ped Grob Phad Med Mamuang<\/h3>\r\n                                                                    <span class=\"rmc-price\">\r\n                                    17,90 \u20ac                                <\/span>\r\n                                                            <\/div>\r\n                            <p>Knuspriges Entenfleisch in Tamarinden-Chili-So\u00dfe mit Cashewn\u00fcssen und knusprigem Thai-Basilikum, ohne Gem\u00fcse, serviert mit Reis<\/p>\n<p><span style=\"color: #bc886b;\">Crispy duck in tamarind chili sauce with cashew nuts and crispy Thai basil, without vegetables, served with rice <\/span><\/p>\n                        <\/div>\r\n                    <\/div>\r\n                                                        <div class=\"rmc-item\">\r\n                                                <div class=\"rmc-description\">\r\n                            <div class=\"rmc-price-holder\">\r\n                                <h3 class=\"rmc-product-name\">Kau Soy Gai<\/h3>\r\n                                                                    <span class=\"rmc-price\">\r\n                                    16,90 \u20ac                                <\/span>\r\n                                                            <\/div>\r\n                            <p>Gekochte Nudeln mit knuspriger H\u00fchnerbrust, Sellerie, Karotten und Chinakohl in gelbem Sahne-Curry<\/p>\n<p><span style=\"color: #bc886b;\">Boiled noodles with crispy chicken breast, celery, carrots and Chinese cabbage in yellow cream curry <\/span><\/p>\n                        <\/div>\r\n                    <\/div>\r\n                                                        <div class=\"rmc-item\">\r\n                                                <div class=\"rmc-description\">\r\n                            <div class=\"rmc-price-holder\">\r\n                                <h3 class=\"rmc-product-name\">Sen Yai Phad Gaeng Kheuw Whan<\/h3>\r\n                                                                    <span class=\"rmc-price\">\r\n                                    15,70 \u20ac                                <\/span>\r\n                                                            <\/div>\r\n                            <p>Gebratene Bandnudeln mit gr\u00fcnem \u201eThai Curry\u201c, Ei, Paprika, Bambus, Auberginen, Brokkoli, Peperoni und Thai-Basilikum<br \/>\n<span style=\"color: #bc886b;\">Boiled Rice noodle with green &#8222;Thai curry&#8220;, egg, peppers, bamboo, aubergines, broccoli, chillies and Thai basil<\/span><\/p>\n                        <\/div>\r\n                    <\/div>\r\n                                        <\/div>\r\n    <\/div>\r\n<\/div>[\/vc_column_text][\/vc_column][\/vc_row]<\/p>\n<\/div>","protected":false},"excerpt":{"rendered":"<p>[vc_row type=&#8220;vc_default&#8220; full_width=&#8220;stretch_row_content_no_spaces&#8220; bg_type=&#8220;image&#8220; parallax_style=&#8220;vcpb-default&#8220; bg_image_new=&#8220;id^211|url^http:\/\/new.der-thai.com\/kaiserstrasse\/wp-content\/uploads\/sites\/2\/2018\/12\/der-thai-ente.jpg|caption^null|alt^null|title^der-thai-ente|description^null&#8220; bg_image_repeat=&#8220;no-repeat&#8220; bg_override=&#8220;full&#8220; el_class=&#8220;header&#8220;][vc_column][\/vc_column][\/vc_row][vc_row type=&#8220;vc_default&#8220;][vc_column width=&#8220;1\/4&#8243;][\/vc_column][vc_column width=&#8220;1\/2&#8243; css=&#8220;.vc_custom_1545219135576{padding-top: 15px !important;padding-right: 15px !important;padding-bottom: 15px !important;padding-left: 15px !important;background-color: #ffe4d5 !important;}&#8220; el_class=&#8220;filiale-box&#8220;][vc_column_text css=&#8220;.vc_custom_1551106398443{margin-top: 0px !important;margin-right: 0px !important;margin-bottom: 0px !important;margin-left: 0px !important;}&#8220;] Filiale: Kaiserstra\u00dfe 38 | Tel: 069 &#8211; 26 957 957 [\/vc_column_text][\/vc_column][vc_column width=&#8220;1\/4&#8243;][\/vc_column][\/vc_row][vc_row][vc_column][vc_empty_space height=&#8220;100px&#8220; el_class=&#8220;leer&#8220;][\/vc_column][\/vc_row][vc_row type=&#8220;vc_default&#8220;][vc_column][vc_column_text] Spezialit\u00e4ten [\/vc_column_text][vc_column_text][\/vc_column_text][\/vc_column][\/vc_row]<\/p>\n","protected":false},"author":1,"featured_media":0,"parent":0,"menu_order":0,"comment_status":"closed","ping_status":"closed","template":"","meta":{"footnotes":""},"class_list":["post-84","page","type-page","status-publish","hentry","description-off"],"_links":{"self":[{"href":"https:\/\/der-thai.com\/kaiserstrasse\/wp-json\/wp\/v2\/pages\/84","targetHints":{"allow":["GET"]}}],"collection":[{"href":"https:\/\/der-thai.com\/kaiserstrasse\/wp-json\/wp\/v2\/pages"}],"about":[{"href":"https:\/\/der-thai.com\/kaiserstrasse\/wp-json\/wp\/v2\/types\/page"}],"author":[{"embeddable":true,"href":"https:\/\/der-thai.com\/kaiserstrasse\/wp-json\/wp\/v2\/users\/1"}],"replies":[{"embeddable":true,"href":"https:\/\/der-thai.com\/kaiserstrasse\/wp-json\/wp\/v2\/comments?post=84"}],"version-history":[{"count":0,"href":"https:\/\/der-thai.com\/kaiserstrasse\/wp-json\/wp\/v2\/pages\/84\/revisions"}],"wp:attachment":[{"href":"https:\/\/der-thai.com\/kaiserstrasse\/wp-json\/wp\/v2\/media?parent=84"}],"curies":[{"name":"wp","href":"https:\/\/api.w.org\/{rel}","templated":true}]}}