{"id":289,"date":"2019-02-26T09:06:08","date_gmt":"2019-02-26T08:06:08","guid":{"rendered":"http:\/\/new.der-thai.com\/kaiserstrasse\/?page_id=289"},"modified":"2023-05-24T10:00:37","modified_gmt":"2023-05-24T08:00:37","slug":"events","status":"publish","type":"page","link":"https:\/\/der-thai.com\/kaiserstrasse\/events\/","title":{"rendered":"Events"},"content":{"rendered":"<div class=\"wpb-content-wrapper\"><p>[vc_row type=&#8220;vc_default&#8220; full_width=&#8220;stretch_row_content_no_spaces&#8220; bg_type=&#8220;image&#8220; parallax_style=&#8220;vcpb-default&#8220; bg_image_new=&#8220;id^222|url^http:\/\/new.der-thai.com\/kaiserstrasse\/wp-content\/uploads\/sites\/2\/2018\/12\/I7A0063.jpg|caption^null|alt^null|title^_I7A0063|description^null&#8220; bg_image_repeat=&#8220;no-repeat&#8220; bg_override=&#8220;full&#8220; el_class=&#8220;header&#8220;][vc_column][\/vc_column][\/vc_row][vc_row type=&#8220;vc_default&#8220;][vc_column width=&#8220;1\/4&#8243;][\/vc_column][vc_column width=&#8220;1\/2&#8243; css=&#8220;.vc_custom_1551359468262{padding-top: 15px !important;padding-right: 15px !important;padding-bottom: 15px !important;padding-left: 15px !important;background-color: #fce4d5 !important;}&#8220; el_class=&#8220;filiale-box&#8220;][vc_column_text css=&#8220;.vc_custom_1543941015013{margin-top: 0px !important;margin-right: 0px !important;margin-bottom: 0px !important;margin-left: 0px !important;}&#8220;]<\/p>\n<h6 style=\"text-align: center;\"><span style=\"color: #282828;\">Filiale: Kaiserstra\u00dfe 38 | Tel: 069-26 95 79 57<\/span><\/h6>\n<p>[\/vc_column_text][\/vc_column][vc_column width=&#8220;1\/4&#8243;][\/vc_column][\/vc_row][vc_row][vc_column][vc_empty_space height=&#8220;100px&#8220; el_class=&#8220;leer&#8220;][\/vc_column][\/vc_row][vc_row type=&#8220;vc_default&#8220;][vc_column][vc_column_text]<\/p>\n<h1 style=\"text-align: center;\">Events<\/h1>\n<p>[\/vc_column_text][vc_column_text]Sie m\u00f6chten eine Firmenfeier,, Gesch\u00e4ftsmeeting, Weihnachtsfeier oder besondere Anl\u00e4sse feiern? Sie sind jederzeit willkommen bei Der Thai.<\/p>\n<p>Sehr gerne stellen wir Ihnen das komplette erste Obergeschoss f\u00fcr Ihr Event zur Verf\u00fcgung. Sie haben hier Platz f\u00fcr bis zu 100 Personen. Sie k\u00f6nnen Delikatessen, sowohl aus unserer Speisekarte aussuchen, als auch individuelle Men\u00fcs oder Speisen anfragen.<\/p>\n<p>Selbstverst\u00e4ndlich beraten wir Sie gerne bez\u00fcglich der Speise- und Getr\u00e4nkeauswahl und ebenfalls \u00fcber den Ablauf des Abends.<\/p>\n<p>Reservieren Sie ganz einfach \u00fcber unser Online-Formular oder sprechen Sie unser Servicepersonal an.[\/vc_column_text][vc_separator color=&#8220;custom&#8220; style=&#8220;double&#8220; accent_color=&#8220;#bc886b&#8220;]<style type=\"text\/css\" data-type=\"the7_shortcodes-inline-css\">.gallery-shortcode.gallery-masonry-shortcode-id-9e1e48c75523f740cb6bdb0c10cc5e9d figure,\n.gallery-shortcode.gallery-masonry-shortcode-id-9e1e48c75523f740cb6bdb0c10cc5e9d .rollover,\n.gallery-shortcode.gallery-masonry-shortcode-id-9e1e48c75523f740cb6bdb0c10cc5e9d img,\n.gallery-shortcode.gallery-masonry-shortcode-id-9e1e48c75523f740cb6bdb0c10cc5e9d .gallery-rollover {\n  border-radius: 0px;\n}\n.gallery-shortcode.gallery-masonry-shortcode-id-9e1e48c75523f740cb6bdb0c10cc5e9d.enable-bg-rollover .gallery-rollover {\n  background: -webkit-linear-gradient();\n  background: linear-gradient();\n}\n.gallery-shortcode.gallery-masonry-shortcode-id-9e1e48c75523f740cb6bdb0c10cc5e9d.enable-bg-rollover.hover-scale figure .rollover:after {\n  background: -webkit-linear-gradient();\n  background: linear-gradient();\n}\n.gallery-shortcode.gallery-masonry-shortcode-id-9e1e48c75523f740cb6bdb0c10cc5e9d .gallery-zoom-ico {\n  width: 44px;\n  height: 44px;\n  line-height: 44px;\n  border-radius: 100px;\n  margin: -22px 0 0 -22px;\n  border-width: 0px;\n  color: #ffffff;\n}\n.dt-icon-bg-on.gallery-shortcode.gallery-masonry-shortcode-id-9e1e48c75523f740cb6bdb0c10cc5e9d .gallery-zoom-ico {\n  background: rgba(255,255,255,0.3);\n  box-shadow: none;\n}\n.gallery-shortcode.gallery-masonry-shortcode-id-9e1e48c75523f740cb6bdb0c10cc5e9d .gallery-zoom-ico:before,\n.gallery-shortcode.gallery-masonry-shortcode-id-9e1e48c75523f740cb6bdb0c10cc5e9d .gallery-zoom-ico span {\n  font-size: 32px;\n  line-height: 44px;\n  color: #ffffff;\n}\n.gallery-shortcode.gallery-masonry-shortcode-id-9e1e48c75523f740cb6bdb0c10cc5e9d:not(.resize-by-browser-width) .dt-css-grid {\n  grid-row-gap: 10px;\n  grid-column-gap: 10px;\n  grid-template-columns: repeat(auto-fill,minmax(,1fr));\n}\n.gallery-shortcode.gallery-masonry-shortcode-id-9e1e48c75523f740cb6bdb0c10cc5e9d:not(.resize-by-browser-width) .dt-css-grid .double-width {\n  grid-column: span 2;\n}\n.cssgridlegacy.no-cssgrid .gallery-shortcode.gallery-masonry-shortcode-id-9e1e48c75523f740cb6bdb0c10cc5e9d:not(.resize-by-browser-width) .dt-css-grid,\n.no-cssgridlegacy.no-cssgrid .gallery-shortcode.gallery-masonry-shortcode-id-9e1e48c75523f740cb6bdb0c10cc5e9d:not(.resize-by-browser-width) .dt-css-grid {\n  display: flex;\n  flex-flow: row wrap;\n  margin: -5px;\n}\n.cssgridlegacy.no-cssgrid .gallery-shortcode.gallery-masonry-shortcode-id-9e1e48c75523f740cb6bdb0c10cc5e9d:not(.resize-by-browser-width) .dt-css-grid .wf-cell,\n.no-cssgridlegacy.no-cssgrid .gallery-shortcode.gallery-masonry-shortcode-id-9e1e48c75523f740cb6bdb0c10cc5e9d:not(.resize-by-browser-width) .dt-css-grid .wf-cell {\n  flex: 1 0 ;\n  max-width: 100%;\n  padding: 5px;\n  box-sizing: border-box;\n}\n.gallery-shortcode.gallery-masonry-shortcode-id-9e1e48c75523f740cb6bdb0c10cc5e9d.resize-by-browser-width .dt-css-grid {\n  grid-template-columns: repeat(4,1fr);\n  grid-template-rows: auto;\n  grid-column-gap: 10px;\n  grid-row-gap: 10px;\n}\n.gallery-shortcode.gallery-masonry-shortcode-id-9e1e48c75523f740cb6bdb0c10cc5e9d.resize-by-browser-width .dt-css-grid .double-width {\n  grid-column: span 2;\n}\n.cssgridlegacy.no-cssgrid .gallery-shortcode.gallery-masonry-shortcode-id-9e1e48c75523f740cb6bdb0c10cc5e9d.resize-by-browser-width .dt-css-grid {\n  margin: -5px;\n}\n.cssgridlegacy.no-cssgrid .gallery-shortcode.gallery-masonry-shortcode-id-9e1e48c75523f740cb6bdb0c10cc5e9d.resize-by-browser-width .dt-css-grid .wf-cell {\n  width: 25%;\n  padding: 5px;\n}\n.cssgridlegacy.no-cssgrid .gallery-shortcode.gallery-masonry-shortcode-id-9e1e48c75523f740cb6bdb0c10cc5e9d.resize-by-browser-width .dt-css-grid .wf-cell.double-width {\n  width: calc(25%) * 2;\n}\n.gallery-shortcode.gallery-masonry-shortcode-id-9e1e48c75523f740cb6bdb0c10cc5e9d.resize-by-browser-width:not(.centered-layout-list):not(.content-bg-on) .dt-css-grid {\n  grid-row-gap: 10px - ;\n}\n@media screen and (max-width: 1199px) {\n  .gallery-shortcode.gallery-masonry-shortcode-id-9e1e48c75523f740cb6bdb0c10cc5e9d.resize-by-browser-width .dt-css-grid {\n    grid-template-columns: repeat(4,1fr);\n  }\n  .cssgridlegacy.no-cssgrid .gallery-shortcode.gallery-masonry-shortcode-id-9e1e48c75523f740cb6bdb0c10cc5e9d.resize-by-browser-width .dt-css-grid .wf-cell,\n  .no-cssgridlegacy.no-cssgrid .gallery-shortcode.gallery-masonry-shortcode-id-9e1e48c75523f740cb6bdb0c10cc5e9d.resize-by-browser-width .dt-css-grid .wf-cell {\n    width: 25%;\n  }\n  .cssgridlegacy.no-cssgrid .gallery-shortcode.gallery-masonry-shortcode-id-9e1e48c75523f740cb6bdb0c10cc5e9d.resize-by-browser-width .dt-css-grid .wf-cell.double-width,\n  .no-cssgridlegacy.no-cssgrid .gallery-shortcode.gallery-masonry-shortcode-id-9e1e48c75523f740cb6bdb0c10cc5e9d.resize-by-browser-width .dt-css-grid .wf-cell.double-width {\n    width: calc(25%)*2;\n  }\n}\n@media screen and (max-width: 991px) {\n  .gallery-shortcode.gallery-masonry-shortcode-id-9e1e48c75523f740cb6bdb0c10cc5e9d.resize-by-browser-width .dt-css-grid {\n    grid-template-columns: repeat(2,1fr);\n  }\n  .cssgridlegacy.no-cssgrid .gallery-shortcode.gallery-masonry-shortcode-id-9e1e48c75523f740cb6bdb0c10cc5e9d.resize-by-browser-width .dt-css-grid .wf-cell,\n  .no-cssgridlegacy.no-cssgrid .gallery-shortcode.gallery-masonry-shortcode-id-9e1e48c75523f740cb6bdb0c10cc5e9d.resize-by-browser-width .dt-css-grid .wf-cell {\n    width: 50%;\n  }\n  .cssgridlegacy.no-cssgrid .gallery-shortcode.gallery-masonry-shortcode-id-9e1e48c75523f740cb6bdb0c10cc5e9d.resize-by-browser-width .dt-css-grid .wf-cell.double-width,\n  .no-cssgridlegacy.no-cssgrid .gallery-shortcode.gallery-masonry-shortcode-id-9e1e48c75523f740cb6bdb0c10cc5e9d.resize-by-browser-width .dt-css-grid .wf-cell.double-width {\n    width: calc(50%)*2;\n  }\n}\n@media screen and (max-width: 767px) {\n  .gallery-shortcode.gallery-masonry-shortcode-id-9e1e48c75523f740cb6bdb0c10cc5e9d.resize-by-browser-width .dt-css-grid {\n    grid-template-columns: repeat(2,1fr);\n  }\n  .cssgridlegacy.no-cssgrid .gallery-shortcode.gallery-masonry-shortcode-id-9e1e48c75523f740cb6bdb0c10cc5e9d.resize-by-browser-width .dt-css-grid .wf-cell,\n  .no-cssgridlegacy.no-cssgrid .gallery-shortcode.gallery-masonry-shortcode-id-9e1e48c75523f740cb6bdb0c10cc5e9d.resize-by-browser-width .dt-css-grid .wf-cell {\n    width: 50%;\n  }\n  .cssgridlegacy.no-cssgrid .gallery-shortcode.gallery-masonry-shortcode-id-9e1e48c75523f740cb6bdb0c10cc5e9d.resize-by-browser-width .dt-css-grid .wf-cell.double-width,\n  .no-cssgridlegacy.no-cssgrid .gallery-shortcode.gallery-masonry-shortcode-id-9e1e48c75523f740cb6bdb0c10cc5e9d.resize-by-browser-width .dt-css-grid .wf-cell.double-width {\n    width: calc(50%)*2;\n  }\n}<\/style><div class=\"gallery-shortcode dt-gallery-container gallery-masonry-shortcode-id-9e1e48c75523f740cb6bdb0c10cc5e9d mode-masonry jquery-filter dt-icon-bg-off quick-scale-img enable-bg-rollover resize-by-browser-width  hover-fade loading-effect-none description-on-hover\" data-padding=\"5px\" data-cur-page=\"1\" data-post-limit=\"-1\" data-pagination-mode=\"none\" data-desktop-columns-num=\"4\" data-v-tablet-columns-num=\"2\" data-h-tablet-columns-num=\"4\" data-phone-columns-num=\"2\" data-width=\"0px\" data-columns=\"0\"><div class=\"iso-container\" ><div class=\"wf-cell iso-item\" data-post-id=\"225\" data-date=\"2018-12-19T13:55:22+01:00\" data-name=\"_I7A0082\"><figure class=\"post visible\"><a href=\"https:\/\/der-thai.com\/kaiserstrasse\/wp-content\/uploads\/sites\/2\/2018\/12\/I7A0082.jpg\" class=\"rollover dt-pswp-item layzr-bg\" data-large_image_width=\"1920\" data-large_image_height=\"1280\" data-dt-img-description=\"\" title=\"_I7A0082\"><img fetchpriority=\"high\" decoding=\"async\" class=\"preload-me iso-lazy-load aspect\" src=\"data:image\/svg+xml,%3Csvg%20xmlns%3D&#39;http%3A%2F%2Fwww.w3.org%2F2000%2Fsvg&#39;%20viewBox%3D&#39;0%200%20490%20327&#39;%2F%3E\" data-src=\"https:\/\/der-thai.com\/kaiserstrasse\/wp-content\/uploads\/sites\/2\/2018\/12\/I7A0082-490x327.jpg\" data-srcset=\"https:\/\/der-thai.com\/kaiserstrasse\/wp-content\/uploads\/sites\/2\/2018\/12\/I7A0082-490x327.jpg 490w, https:\/\/der-thai.com\/kaiserstrasse\/wp-content\/uploads\/sites\/2\/2018\/12\/I7A0082-735x491.jpg 735w\" loading=\"eager\" style=\"--ratio: 490 \/ 327\" sizes=\"(max-width: 490px) 100vw, 490px\" alt=\"Der Thai Kaiserstra\u00dfe | Thai Restaurant Frankfurt | Thail\u00e4ndische Spezialit\u00e4ten\" width=\"490\" height=\"327\"  \/><span class=\"gallery-rollover\"><span class=\"gallery-zoom-ico icomoon-the7-font-the7-zoom-06\"><span><\/span><\/span><\/span><\/a><\/figure><\/div><div class=\"wf-cell iso-item\" data-post-id=\"224\" data-date=\"2018-12-19T13:55:20+01:00\" data-name=\"_I7A0075\"><figure class=\"post visible\"><a href=\"https:\/\/der-thai.com\/kaiserstrasse\/wp-content\/uploads\/sites\/2\/2018\/12\/I7A0075.jpg\" class=\"rollover dt-pswp-item layzr-bg\" data-large_image_width=\"1920\" data-large_image_height=\"1280\" data-dt-img-description=\"\" title=\"_I7A0075\"><img decoding=\"async\" class=\"preload-me iso-lazy-load aspect\" src=\"data:image\/svg+xml,%3Csvg%20xmlns%3D&#39;http%3A%2F%2Fwww.w3.org%2F2000%2Fsvg&#39;%20viewBox%3D&#39;0%200%20490%20327&#39;%2F%3E\" data-src=\"https:\/\/der-thai.com\/kaiserstrasse\/wp-content\/uploads\/sites\/2\/2018\/12\/I7A0075-490x327.jpg\" data-srcset=\"https:\/\/der-thai.com\/kaiserstrasse\/wp-content\/uploads\/sites\/2\/2018\/12\/I7A0075-490x327.jpg 490w, https:\/\/der-thai.com\/kaiserstrasse\/wp-content\/uploads\/sites\/2\/2018\/12\/I7A0075-735x491.jpg 735w\" loading=\"eager\" style=\"--ratio: 490 \/ 327\" sizes=\"(max-width: 490px) 100vw, 490px\" alt=\"Der Thai Kaiserstra\u00dfe | Thai Restaurant Frankfurt | Thail\u00e4ndische Spezialit\u00e4ten\" width=\"490\" height=\"327\"  \/><span class=\"gallery-rollover\"><span class=\"gallery-zoom-ico icomoon-the7-font-the7-zoom-06\"><span><\/span><\/span><\/span><\/a><\/figure><\/div><div class=\"wf-cell iso-item\" data-post-id=\"223\" data-date=\"2018-12-19T13:55:19+01:00\" data-name=\"_I7A0070\"><figure class=\"post visible\"><a href=\"https:\/\/der-thai.com\/kaiserstrasse\/wp-content\/uploads\/sites\/2\/2018\/12\/I7A0070.jpg\" class=\"rollover dt-pswp-item layzr-bg\" data-large_image_width=\"1920\" data-large_image_height=\"1280\" data-dt-img-description=\"\" title=\"_I7A0070\"><img decoding=\"async\" class=\"preload-me iso-lazy-load aspect\" src=\"data:image\/svg+xml,%3Csvg%20xmlns%3D&#39;http%3A%2F%2Fwww.w3.org%2F2000%2Fsvg&#39;%20viewBox%3D&#39;0%200%20490%20327&#39;%2F%3E\" data-src=\"https:\/\/der-thai.com\/kaiserstrasse\/wp-content\/uploads\/sites\/2\/2018\/12\/I7A0070-490x327.jpg\" data-srcset=\"https:\/\/der-thai.com\/kaiserstrasse\/wp-content\/uploads\/sites\/2\/2018\/12\/I7A0070-490x327.jpg 490w, https:\/\/der-thai.com\/kaiserstrasse\/wp-content\/uploads\/sites\/2\/2018\/12\/I7A0070-735x491.jpg 735w\" loading=\"eager\" style=\"--ratio: 490 \/ 327\" sizes=\"(max-width: 490px) 100vw, 490px\" alt=\"Der Thai Kaiserstra\u00dfe | Thai Restaurant Frankfurt | Thail\u00e4ndische Spezialit\u00e4ten\" width=\"490\" height=\"327\"  \/><span class=\"gallery-rollover\"><span class=\"gallery-zoom-ico icomoon-the7-font-the7-zoom-06\"><span><\/span><\/span><\/span><\/a><\/figure><\/div><div class=\"wf-cell iso-item\" data-post-id=\"222\" data-date=\"2018-12-19T13:55:18+01:00\" data-name=\"_I7A0063\"><figure class=\"post visible\"><a href=\"https:\/\/der-thai.com\/kaiserstrasse\/wp-content\/uploads\/sites\/2\/2018\/12\/I7A0063.jpg\" class=\"rollover dt-pswp-item layzr-bg\" data-large_image_width=\"1920\" data-large_image_height=\"1280\" data-dt-img-description=\"\" title=\"_I7A0063\"><img decoding=\"async\" class=\"preload-me iso-lazy-load aspect\" src=\"data:image\/svg+xml,%3Csvg%20xmlns%3D&#39;http%3A%2F%2Fwww.w3.org%2F2000%2Fsvg&#39;%20viewBox%3D&#39;0%200%20490%20327&#39;%2F%3E\" data-src=\"https:\/\/der-thai.com\/kaiserstrasse\/wp-content\/uploads\/sites\/2\/2018\/12\/I7A0063-490x327.jpg\" data-srcset=\"https:\/\/der-thai.com\/kaiserstrasse\/wp-content\/uploads\/sites\/2\/2018\/12\/I7A0063-490x327.jpg 490w, https:\/\/der-thai.com\/kaiserstrasse\/wp-content\/uploads\/sites\/2\/2018\/12\/I7A0063-735x491.jpg 735w\" loading=\"eager\" style=\"--ratio: 490 \/ 327\" sizes=\"(max-width: 490px) 100vw, 490px\" alt=\"Der Thai Kaiserstra\u00dfe | Thai Restaurant Frankfurt | Thail\u00e4ndische Spezialit\u00e4ten\" width=\"490\" height=\"327\"  \/><span class=\"gallery-rollover\"><span class=\"gallery-zoom-ico icomoon-the7-font-the7-zoom-06\"><span><\/span><\/span><\/span><\/a><\/figure><\/div><\/div><!-- iso-container|iso-grid --><\/div>[vc_separator color=&#8220;custom&#8220; style=&#8220;double&#8220; accent_color=&#8220;#bc886b&#8220; css=&#8220;.vc_custom_1551171565831{margin-top: 35px !important;}&#8220;][vc_column_text]<div class=\"forminator-ui forminator-custom-form forminator-custom-form-685 forminator-design--default  forminator_ajax\" data-forminator-render=\"0\" data-form=\"forminator-module-685\" data-uid=\"69f2a85d44382\"><br\/><\/div><form\n\t\t\t\tid=\"forminator-module-685\"\n\t\t\t\tclass=\"forminator-ui forminator-custom-form forminator-custom-form-685 forminator-design--default  forminator_ajax\"\n\t\t\t\tmethod=\"post\"\n\t\t\t\tdata-forminator-render=\"0\"\n\t\t\t\tdata-form-id=\"685\"\n\t\t\t\t data-color-option=\"default\" data-design=\"default\" data-grid=\"open\" style=\"display: none;\"\n\t\t\t\tdata-uid=\"69f2a85d44382\"\n\t\t\t><div role=\"alert\" aria-live=\"polite\" class=\"forminator-response-message forminator-error\" aria-hidden=\"true\"><\/div><div class=\"forminator-row\"><div id=\"name-1\" class=\"forminator-field-name forminator-col forminator-col-6 \"><div class=\"forminator-field\"><label for=\"forminator-field-name-1_69f2a85d44382\" id=\"forminator-field-name-1_69f2a85d44382-label\" class=\"forminator-label\">Name <span class=\"forminator-required\">*<\/span><\/label><input type=\"text\" name=\"name-1\" value=\"\" placeholder=\"\" id=\"forminator-field-name-1_69f2a85d44382\" class=\"forminator-input forminator-name--field\" aria-required=\"true\" autocomplete=\"name\" \/><\/div><\/div><div id=\"email-1\" class=\"forminator-field-email forminator-col forminator-col-6 \"><div class=\"forminator-field\"><label for=\"forminator-field-email-1_69f2a85d44382\" id=\"forminator-field-email-1_69f2a85d44382-label\" class=\"forminator-label\">E-Mail <span class=\"forminator-required\">*<\/span><\/label><input type=\"email\" name=\"email-1\" value=\"\" placeholder=\"\" id=\"forminator-field-email-1_69f2a85d44382\" class=\"forminator-input forminator-email--field\" data-required=\"1\" aria-required=\"true\" autocomplete=\"email\" \/><\/div><\/div><\/div><div class=\"forminator-row\"><div id=\"phone-1\" class=\"forminator-field-phone forminator-col forminator-col-6 \"><div class=\"forminator-field\"><label for=\"forminator-field-phone-1_69f2a85d44382\" id=\"forminator-field-phone-1_69f2a85d44382-label\" class=\"forminator-label\">Telefonnummer <span class=\"forminator-required\">*<\/span><\/label><input type=\"text\" name=\"phone-1\" value=\"\" placeholder=\"\" id=\"forminator-field-phone-1_69f2a85d44382\" class=\"forminator-input forminator-field--phone\" data-required=\"1\" aria-required=\"true\" autocomplete=\"off\" \/><\/div><\/div><div id=\"number-1\" class=\"forminator-field-number forminator-col forminator-col-6 \"><div class=\"forminator-field\"><label for=\"forminator-field-number-1_69f2a85d44382\" id=\"forminator-field-number-1_69f2a85d44382-label\" class=\"forminator-label\">Personenzahl <span class=\"forminator-required\">*<\/span><\/label><input name=\"number-1\" value=\"\" placeholder=\"\" id=\"forminator-field-number-1_69f2a85d44382\" class=\"forminator-input forminator-number--field\" inputmode=\"decimal\" data-required=\"1\" data-decimals=\"0\" aria-required=\"true\" data-inputmask=\"&#039;groupSeparator&#039;: &#039;&#039;, &#039;radixPoint&#039;: &#039;&#039;, &#039;digits&#039;: &#039;0&#039;\" type=\"number\" step=\"any\" min=\"1\" max=\"100\" \/><\/div><\/div><\/div><div class=\"forminator-row\"><div id=\"date-1\" class=\"forminator-field-date forminator-col forminator-col-6 \"><div class=\"forminator-field\"><label for=\"forminator-field-date-1-picker_69f2a85d44382\" id=\"forminator-field-date-1-picker_69f2a85d44382-label\" class=\"forminator-label\">Datum <span class=\"forminator-required\">*<\/span><\/label><div class=\"forminator-input-with-icon\"><span class=\"forminator-icon-calendar\" aria-hidden=\"true\"><\/span><input autocomplete=\"off\" type=\"text\" size=\"1\" name=\"date-1\" value=\"30.04.2026\" placeholder=\"\" id=\"forminator-field-date-1-picker_69f2a85d44382\" class=\"forminator-input forminator-datepicker\" data-required=\"1\" data-format=\"dd.mm.yy\" data-restrict-type=\"\" data-restrict=\"\" data-start-year=\"2026\" data-end-year=\"2126\" data-past-dates=\"enable\" data-start-of-week=\"1\" data-start-date=\"2026-04-30\" data-end-date=\"\" data-start-field=\"\" data-end-field=\"\" data-start-offset=\"\" data-end-offset=\"\" data-disable-date=\"\" data-disable-range=\"\" \/><\/div><\/div><\/div><div id=\"time-1\" class=\"forminator-field-time forminator-col forminator-col-6 \"><label for=\"forminator-field-time-1\" id=\"forminator-field-time-1-label\" class=\"forminator-label\">Uhrzeit <span class=\"forminator-required\">*<\/span><\/label><div class=\"forminator-timepicker\" ><div class=\"forminator-row\" data-multiple=\"true\"><div id=\"time-1-hours\" class=\"forminator-col forminator-col-6\"><div class=\"forminator-field\"><select name=\"time-1-hours\" id=\"forminator-field-685__field--time-1-hours_69f2a85d44382\" class=\"forminator-select2 time-hours has-time-limiter\" data-field=\"hours\" data-placeholder=\"Auswahl\" data-default-value=\"12\"><option value=\"12\" selected=\"selected\">12<\/option><option value=\"13\" >13<\/option><option value=\"14\" >14<\/option><option value=\"15\" >15<\/option><option value=\"16\" >16<\/option><option value=\"17\" >17<\/option><option value=\"18\" >18<\/option><option value=\"19\" >19<\/option><option value=\"20\" >20<\/option><option value=\"21\" >21<\/option><\/select><\/div><\/div><div id=\"time-1-minutes\" class=\"forminator-col forminator-col-6\"><div class=\"forminator-field\"><select name=\"time-1-minutes\" id=\"forminator-field-685__field--time-1-minutes_69f2a85d44382\" class=\"forminator-select2 time-minutes has-time-limiter\" data-field=\"minutes\" data-placeholder=\"Auswahl\" data-default-value=\"0\"><option value=\"0\" selected=\"selected\">00<\/option><option value=\"15\" >15<\/option><option value=\"30\" >30<\/option><option value=\"45\" >45<\/option><\/select><\/div><\/div><\/div><\/div><\/div><\/div><div class=\"forminator-row\"><div id=\"textarea-1\" class=\"forminator-field-textarea forminator-col forminator-col-12 \"><div class=\"forminator-field\"><label for=\"forminator-field-textarea-1_69f2a85d44382\" id=\"forminator-field-textarea-1_69f2a85d44382-label\" class=\"forminator-label\">Nachricht<\/label><textarea name=\"textarea-1\" placeholder=\"\" id=\"forminator-field-textarea-1_69f2a85d44382\" class=\"forminator-textarea\" rows=\"6\" style=\"--forminator-textarea-min-height:140px;\" ><\/textarea><\/div><\/div><\/div><input type=\"hidden\" name=\"referer_url\" value=\"\" \/><div class=\"forminator-row forminator-row-last\"><div class=\"forminator-col\"><div class=\"forminator-field\"><button class=\"forminator-button forminator-button-submit\">Senden<\/button><\/div><\/div><\/div><input type=\"hidden\" id=\"forminator_nonce\" name=\"forminator_nonce\" value=\"c8961018d1\" \/><input type=\"hidden\" name=\"_wp_http_referer\" value=\"\/kaiserstrasse\/wp-json\/wp\/v2\/pages\/289\" \/><input type=\"hidden\" name=\"form_id\" value=\"685\"><input type=\"hidden\" name=\"page_id\" value=\"289\"><input type=\"hidden\" name=\"form_type\" value=\"default\"><input type=\"hidden\" name=\"current_url\" value=\"https:\/\/der-thai.com\/kaiserstrasse\/events\/\"><input type=\"hidden\" name=\"render_id\" value=\"0\"><input type=\"hidden\" name=\"action\" value=\"forminator_submit_form_custom-forms\"><\/form>[\/vc_column_text][\/vc_column][\/vc_row]<\/p>\n<\/div>","protected":false},"excerpt":{"rendered":"<p>[vc_row type=&#8220;vc_default&#8220; full_width=&#8220;stretch_row_content_no_spaces&#8220; bg_type=&#8220;image&#8220; parallax_style=&#8220;vcpb-default&#8220; bg_image_new=&#8220;id^222|url^http:\/\/new.der-thai.com\/kaiserstrasse\/wp-content\/uploads\/sites\/2\/2018\/12\/I7A0063.jpg|caption^null|alt^null|title^_I7A0063|description^null&#8220; bg_image_repeat=&#8220;no-repeat&#8220; bg_override=&#8220;full&#8220; el_class=&#8220;header&#8220;][vc_column][\/vc_column][\/vc_row][vc_row type=&#8220;vc_default&#8220;][vc_column width=&#8220;1\/4&#8243;][\/vc_column][vc_column width=&#8220;1\/2&#8243; css=&#8220;.vc_custom_1551359468262{padding-top: 15px !important;padding-right: 15px !important;padding-bottom: 15px !important;padding-left: 15px !important;background-color: #fce4d5 !important;}&#8220; el_class=&#8220;filiale-box&#8220;][vc_column_text css=&#8220;.vc_custom_1543941015013{margin-top: 0px !important;margin-right: 0px !important;margin-bottom: 0px !important;margin-left: 0px !important;}&#8220;] Filiale: Kaiserstra\u00dfe 38 | Tel: 069-26 95 79 57 [\/vc_column_text][\/vc_column][vc_column width=&#8220;1\/4&#8243;][\/vc_column][\/vc_row][vc_row][vc_column][vc_empty_space height=&#8220;100px&#8220; el_class=&#8220;leer&#8220;][\/vc_column][\/vc_row][vc_row type=&#8220;vc_default&#8220;][vc_column][vc_column_text] Events [\/vc_column_text][vc_column_text]Sie m\u00f6chten eine Firmenfeier,, Gesch\u00e4ftsmeeting, Weihnachtsfeier oder&hellip;<\/p>\n","protected":false},"author":1,"featured_media":0,"parent":0,"menu_order":0,"comment_status":"closed","ping_status":"closed","template":"","meta":{"footnotes":""},"class_list":["post-289","page","type-page","status-publish","hentry","description-off"],"_links":{"self":[{"href":"https:\/\/der-thai.com\/kaiserstrasse\/wp-json\/wp\/v2\/pages\/289","targetHints":{"allow":["GET"]}}],"collection":[{"href":"https:\/\/der-thai.com\/kaiserstrasse\/wp-json\/wp\/v2\/pages"}],"about":[{"href":"https:\/\/der-thai.com\/kaiserstrasse\/wp-json\/wp\/v2\/types\/page"}],"author":[{"embeddable":true,"href":"https:\/\/der-thai.com\/kaiserstrasse\/wp-json\/wp\/v2\/users\/1"}],"replies":[{"embeddable":true,"href":"https:\/\/der-thai.com\/kaiserstrasse\/wp-json\/wp\/v2\/comments?post=289"}],"version-history":[{"count":0,"href":"https:\/\/der-thai.com\/kaiserstrasse\/wp-json\/wp\/v2\/pages\/289\/revisions"}],"wp:attachment":[{"href":"https:\/\/der-thai.com\/kaiserstrasse\/wp-json\/wp\/v2\/media?parent=289"}],"curies":[{"name":"wp","href":"https:\/\/api.w.org\/{rel}","templated":true}]}}