{"id":10,"date":"2018-12-04T16:57:58","date_gmt":"2018-12-04T15:57:58","guid":{"rendered":"http:\/\/new.der-thai.com\/feuerbachstrasse\/?page_id=10"},"modified":"2020-01-21T15:32:47","modified_gmt":"2020-01-21T14:32:47","slug":"home","status":"publish","type":"page","link":"https:\/\/der-thai.com\/feuerbachstrasse\/","title":{"rendered":"Startseite"},"content":{"rendered":"<div class=\"wpb-content-wrapper\"><p>[vc_row type=&#8220;vc_default&#8220; css=&#8220;.vc_custom_1543940030019{margin-top: 0px !important;margin-bottom: 0px !important;}&#8220;][vc_column]\n\t\t\t<!-- START home REVOLUTION SLIDER 6.7.38 --><p class=\"rs-p-wp-fix\"><\/p>\n\t\t\t<rs-module-wrap id=\"rev_slider_1_1_wrapper\" data-source=\"gallery\" style=\"visibility:hidden;background:transparent;padding:0;margin:0px auto;margin-top:0;margin-bottom:0;\">\n\t\t\t\t<rs-module id=\"rev_slider_1_1\" style=\"\" data-version=\"6.7.38\">\n\t\t\t\t\t<rs-slides style=\"overflow: hidden; position: absolute;\">\n\t\t\t\t\t\t<rs-slide style=\"position: absolute;\" data-key=\"rs-3\" data-title=\"Slide\" data-thumb=\"\/\/der-thai.com\/feuerbachstrasse\/wp-content\/uploads\/sites\/4\/2019\/12\/I7A1141-100x50.jpg\" data-anim=\"adpr:false;\">\n\t\t\t\t\t\t\t<img decoding=\"async\" src=\"\/\/der-thai.com\/feuerbachstrasse\/wp-content\/plugins\/revslider\/sr6\/assets\/assets\/dummy.png\" alt=\"\" title=\"Startseite\" class=\"rev-slidebg tp-rs-img rs-lazyload\" data-lazyload=\"\/\/der-thai.com\/feuerbachstrasse\/wp-content\/uploads\/sites\/4\/2019\/12\/I7A1141.jpg\" data-no-retina>\n<!---->\t\t\t\t\t<\/rs-slide>\n\t\t\t\t\t\t<rs-slide style=\"position: absolute;\" data-key=\"rs-2\" data-title=\"Slide\" data-thumb=\"\/\/der-thai.com\/feuerbachstrasse\/wp-content\/uploads\/sites\/4\/2019\/12\/I7A1160-100x50.jpg\" data-anim=\"adpr:false;\">\n\t\t\t\t\t\t\t<img decoding=\"async\" src=\"\/\/der-thai.com\/feuerbachstrasse\/wp-content\/plugins\/revslider\/sr6\/assets\/assets\/dummy.png\" alt=\"\" title=\"Startseite\" class=\"rev-slidebg tp-rs-img rs-lazyload\" data-lazyload=\"\/\/der-thai.com\/feuerbachstrasse\/wp-content\/uploads\/sites\/4\/2019\/12\/I7A1160.jpg\" data-no-retina>\n<!---->\t\t\t\t\t<\/rs-slide>\n\t\t\t\t\t\t<rs-slide style=\"position: absolute;\" data-key=\"rs-1\" data-title=\"Slide\" data-thumb=\"\/\/der-thai.com\/feuerbachstrasse\/wp-content\/uploads\/sites\/4\/2019\/12\/I7A1186-100x50.jpg\" data-anim=\"adpr:false;\">\n\t\t\t\t\t\t\t<img decoding=\"async\" src=\"\/\/der-thai.com\/feuerbachstrasse\/wp-content\/plugins\/revslider\/sr6\/assets\/assets\/dummy.png\" alt=\"\" title=\"Startseite\" class=\"rev-slidebg tp-rs-img rs-lazyload\" data-lazyload=\"\/\/der-thai.com\/feuerbachstrasse\/wp-content\/uploads\/sites\/4\/2019\/12\/I7A1186.jpg\" data-no-retina>\n<!---->\t\t\t\t\t<\/rs-slide>\n\t\t\t\t\t\t<rs-slide style=\"position: absolute;\" data-key=\"rs-4\" data-title=\"Slide\" data-thumb=\"\/\/der-thai.com\/feuerbachstrasse\/wp-content\/uploads\/sites\/4\/2019\/12\/I7A1212-100x50.jpg\" data-anim=\"adpr:false;\">\n\t\t\t\t\t\t\t<img decoding=\"async\" src=\"\/\/der-thai.com\/feuerbachstrasse\/wp-content\/plugins\/revslider\/sr6\/assets\/assets\/dummy.png\" alt=\"\" title=\"Startseite\" class=\"rev-slidebg tp-rs-img rs-lazyload\" data-lazyload=\"\/\/der-thai.com\/feuerbachstrasse\/wp-content\/uploads\/sites\/4\/2019\/12\/I7A1212.jpg\" data-no-retina>\n<!---->\t\t\t\t\t<\/rs-slide>\n\t\t\t\t\t<\/rs-slides>\n\t\t\t\t<\/rs-module>\n\t\t\t\t<script>\n\t\t\t\t\tsetREVStartSize({c: 'rev_slider_1_1',rl:[1240,1024,778,480],el:[700],gw:[1240],gh:[700],type:'standard',justify:'',layout:'fullwidth',mh:\"700\"});if (window.RS_MODULES!==undefined && window.RS_MODULES.modules!==undefined && window.RS_MODULES.modules[\"revslider11\"]!==undefined) {window.RS_MODULES.modules[\"revslider11\"].once = false;window.revapi1 = undefined;if (window.RS_MODULES.checkMinimal!==undefined) window.RS_MODULES.checkMinimal()}\n\t\t\t\t<\/script>\n\t\t\t<\/rs-module-wrap>\n\t\t\t<!-- END REVOLUTION SLIDER -->\n[\/vc_column][\/vc_row][vc_row type=&#8220;vc_default&#8220;][vc_column width=&#8220;1\/4&#8243;][\/vc_column][vc_column width=&#8220;1\/2&#8243; css=&#8220;.vc_custom_1545218475734{padding-top: 15px !important;padding-right: 15px !important;padding-bottom: 15px !important;padding-left: 15px !important;background-color: #ffe4d5 !important;}&#8220; el_class=&#8220;filiale-box-home&#8220;][vc_column_text css=&#8220;.vc_custom_1545309430642{margin-top: 0px !important;margin-right: 0px !important;margin-bottom: 0px !important;margin-left: 0px !important;}&#8220;]<\/p>\n<h6 style=\"text-align: center;\"><span style=\"color: #282828;\">Filiale: Feuerbachstra\u00dfe 29 | Tel: 069-29 22 20<\/span><\/h6>\n<p>[\/vc_column_text][\/vc_column][vc_column width=&#8220;1\/4&#8243;][\/vc_column][\/vc_row][vc_row][vc_column][vc_empty_space height=&#8220;100px&#8220; el_class=&#8220;leer&#8220;][\/vc_column][\/vc_row][vc_row type=&#8220;vc_default&#8220;][vc_column][vc_column_text]<\/p>\n<h1 style=\"text-align: center; letter-spacing: 5px;\">Der Thai<\/h1>\n<p>[\/vc_column_text][vc_column_text]Mit 15 Jahren Gastronomie-Erfahrung, insbesondere in der Thail\u00e4ndischen K\u00fcche, haben wir es uns zur Aufgabe gemacht, sowohl unsere Lokalit\u00e4t als auch unsere Speisen auf Ihre Bed\u00fcrfnisse und W\u00fcnsche anzupassen.<\/p>\n<p>Wer die Thai-K\u00fcche kennt, kommt bei uns auf seine Kosten. Mit einem kompetenten K\u00fcchenteam, bestehend aus erfahrenen K\u00f6chen, sind wir stets dabei unsere Qualit\u00e4t zu verbessern und Sie mit unseren Thai-Spezialit\u00e4ten positiv zu \u00fcberraschen. Auf diesem Wege m\u00f6chten wir Sie auf dem Laufenden halten.<\/p>\n<p>Auf unserer Internetseite stellen wir unsere Spezialit\u00e4ten, sowie alle Neuheiten zur Verf\u00fcgung.[\/vc_column_text][\/vc_column][\/vc_row][vc_row type=&#8220;vc_default&#8220; css=&#8220;.vc_custom_1545145095453{margin-top: 50px !important;margin-bottom: 50px !important;}&#8220; el_class=&#8220;line&#8220;][vc_column][vc_separator color=&#8220;custom&#8220; accent_color=&#8220;#dcdcdc&#8220;][\/vc_column][\/vc_row][vc_row type=&#8220;vc_default&#8220;][vc_column][vc_column_text]<\/p>\n<h2 style=\"text-align: center; letter-spacing: 5px;\">Wir suchen dich<\/h2>\n<p>[\/vc_column_text][vc_column_text]<\/p>\n<h3 style=\"text-align: center;\">Servicekr\u00e4fte (m\/w\/d)<\/h3>\n<p style=\"text-align: center;\">als Aushilfe oder Teilzeit sofort gesucht!<\/p>\n<p style=\"text-align: center;\">Du hast Spa\u00df am Umgang mit G\u00e4sten und Erfahrungen in der Gastronomie gesammelt?<\/p>\n<p style=\"text-align: center;\">Dann bewerbe dich einfach bei uns per Mail an die <a href=\"mailto:info@der-thai.com\">info@der-thai.com<\/a><\/p>\n<p style=\"text-align: center;\">Wir freuen uns auf deine Nachricht.<\/p>\n<p>[\/vc_column_text][\/vc_column][\/vc_row][vc_row type=&#8220;vc_default&#8220; css=&#8220;.vc_custom_1545145095453{margin-top: 50px !important;margin-bottom: 50px !important;}&#8220; el_class=&#8220;line&#8220;][vc_column][vc_separator color=&#8220;custom&#8220; accent_color=&#8220;#dcdcdc&#8220;][\/vc_column][\/vc_row][vc_row type=&#8220;vc_default&#8220;][vc_column][vc_column_text]<\/p>\n<h2 style=\"text-align: center; letter-spacing: 5px;\">Impressionen<\/h2>\n<p>[\/vc_column_text][vc_row_inner content_placement=&#8220;top&#8220;][vc_column_inner width=&#8220;1\/3&#8243;][vc_single_image image=&#8220;389&#8243; img_size=&#8220;full&#8220;][\/vc_column_inner][vc_column_inner width=&#8220;1\/3&#8243;][vc_single_image image=&#8220;391&#8243; img_size=&#8220;full&#8220;][\/vc_column_inner][vc_column_inner width=&#8220;1\/3&#8243;][vc_single_image image=&#8220;395&#8243; img_size=&#8220;full&#8220;][\/vc_column_inner][\/vc_row_inner][vc_row_inner content_placement=&#8220;top&#8220;][vc_column_inner width=&#8220;1\/3&#8243;][\/vc_column_inner][vc_column_inner width=&#8220;1\/3&#8243;]\n<div id=\"interactive-banner-1-wrap-2031\" class=\"ult-banner-block ult-adjust-bottom-margin ult-bb-box  banner-style01 \"   style=\"\">\n\t<h2  data-ultimate-target='#interactive-banner-1-wrap-2031 .bb-top-title '  data-responsive-json-new='{\"font-size\":\"\",\"line-height\":\"\"}'  class=\"title-center bb-top-title ult-responsive\" style=\"font-weight:normal;background:#bc886b;color:#282828;\"><b>Mehr sehen<\/b><\/h2>\n\t<div class=\"mask opaque-background\" style=\"background:#242424;\">\n\t\t<div  data-ultimate-target='#interactive-banner-1-wrap-2031 .bb-description'  data-responsive-json-new='{\"font-size\":\"\",\"line-height\":\"\"}'  class=\"bb-description ult-responsive\" style=\"font-weight:normal;color:#ffffff;\"><\/div>\n\t<\/div><a class=\"bb-link\" href=\"https:\/\/der-thai.com\/feuerbachstrasse\/galerie\/\" ><\/a>\n<\/div>[\/vc_column_inner][vc_column_inner width=&#8220;1\/3&#8243;][\/vc_column_inner][\/vc_row_inner][\/vc_column][\/vc_row][vc_row type=&#8220;vc_default&#8220; css=&#8220;.vc_custom_1543941729644{margin-top: 50px !important;margin-bottom: 50px !important;}&#8220;][vc_column][vc_separator color=&#8220;custom&#8220; accent_color=&#8220;#dcdcdc&#8220;][\/vc_column][\/vc_row][vc_row type=&#8220;vc_default&#8220;][vc_column][vc_column_text css=&#8220;.vc_custom_1545220046765{margin-bottom: 0px !important;padding-top: 25px !important;padding-right: 25px !important;padding-bottom: 25px !important;padding-left: 25px !important;background-color: #ffe4d5 !important;}&#8220;]<\/p>\n<p style=\"text-align: center;\"><strong><span style=\"color: #1c1c1c;\">ACHTUNG!<br \/>\nBitte w\u00e4hlen Sie immer die Filiale in Ihrer N\u00e4he aus, damit es bei Bestellungen nicht zu Verwechslungen kommt. Vielen Dank! <\/span><\/strong><\/p>\n<p style=\"text-align: center;\"><strong><span style=\"color: #1c1c1c;\">Ihr Der Thai-Team<\/span><\/strong><\/p>\n<p>[\/vc_column_text]\n<div id=\"interactive-banner-1-wrap-5478\" class=\"ult-banner-block ult-adjust-bottom-margin ult-bb-box  banner-style01 \"   style=\"\">\n\t<h2  data-ultimate-target='#interactive-banner-1-wrap-5478 .bb-top-title '  data-responsive-json-new='{\"font-size\":\"\",\"line-height\":\"\"}'  class=\"title-center bb-top-title ult-responsive\" style=\"font-weight:normal;background:#e1b69f;color:#282828;\"><b>Zur Kaiserstra\u00dfe 38 wechseln<\/b><\/h2>\n\t<div class=\"mask opaque-background\" style=\"background:#242424;\">\n\t\t<div  data-ultimate-target='#interactive-banner-1-wrap-5478 .bb-description'  data-responsive-json-new='{\"font-size\":\"\",\"line-height\":\"\"}'  class=\"bb-description ult-responsive\" style=\"font-weight:normal;color:#ffffff;\"><\/div>\n\t<\/div><a class=\"bb-link\" href=\"http:\/\/der-thai.com\/kaiserstrasse\/\" ><\/a>\n<\/div>[\/vc_column][\/vc_row]<\/p>\n<\/div>","protected":false},"excerpt":{"rendered":"<p>[vc_row type=&#8220;vc_default&#8220; css=&#8220;.vc_custom_1543940030019{margin-top: 0px !important;margin-bottom: 0px !important;}&#8220;][vc_column][\/vc_column][\/vc_row][vc_row type=&#8220;vc_default&#8220;][vc_column width=&#8220;1\/4&#8243;][\/vc_column][vc_column width=&#8220;1\/2&#8243; css=&#8220;.vc_custom_1545218475734{padding-top: 15px !important;padding-right: 15px !important;padding-bottom: 15px !important;padding-left: 15px !important;background-color: #ffe4d5 !important;}&#8220; el_class=&#8220;filiale-box-home&#8220;][vc_column_text css=&#8220;.vc_custom_1545309430642{margin-top: 0px !important;margin-right: 0px !important;margin-bottom: 0px !important;margin-left: 0px !important;}&#8220;] Filiale: Feuerbachstra\u00dfe 29 | Tel: 069-29 22 20 [\/vc_column_text][\/vc_column][vc_column width=&#8220;1\/4&#8243;][\/vc_column][\/vc_row][vc_row][vc_column][vc_empty_space height=&#8220;100px&#8220; el_class=&#8220;leer&#8220;][\/vc_column][\/vc_row][vc_row type=&#8220;vc_default&#8220;][vc_column][vc_column_text] Der Thai [\/vc_column_text][vc_column_text]Mit 15 Jahren Gastronomie-Erfahrung, insbesondere in der Thail\u00e4ndischen K\u00fcche,&hellip;<\/p>\n","protected":false},"author":1,"featured_media":0,"parent":0,"menu_order":0,"comment_status":"closed","ping_status":"closed","template":"","meta":{"footnotes":""},"class_list":["post-10","page","type-page","status-publish","hentry","description-off"],"_links":{"self":[{"href":"https:\/\/der-thai.com\/feuerbachstrasse\/wp-json\/wp\/v2\/pages\/10","targetHints":{"allow":["GET"]}}],"collection":[{"href":"https:\/\/der-thai.com\/feuerbachstrasse\/wp-json\/wp\/v2\/pages"}],"about":[{"href":"https:\/\/der-thai.com\/feuerbachstrasse\/wp-json\/wp\/v2\/types\/page"}],"author":[{"embeddable":true,"href":"https:\/\/der-thai.com\/feuerbachstrasse\/wp-json\/wp\/v2\/users\/1"}],"replies":[{"embeddable":true,"href":"https:\/\/der-thai.com\/feuerbachstrasse\/wp-json\/wp\/v2\/comments?post=10"}],"version-history":[{"count":0,"href":"https:\/\/der-thai.com\/feuerbachstrasse\/wp-json\/wp\/v2\/pages\/10\/revisions"}],"wp:attachment":[{"href":"https:\/\/der-thai.com\/feuerbachstrasse\/wp-json\/wp\/v2\/media?parent=10"}],"curies":[{"name":"wp","href":"https:\/\/api.w.org\/{rel}","templated":true}]}}